{"id":2441,"date":"2023-08-29T11:36:20","date_gmt":"2023-08-29T11:36:20","guid":{"rendered":"https:\/\/roentgen.polymed.ch\/protection-des-donnees\/"},"modified":"2023-09-06T14:31:50","modified_gmt":"2023-09-06T14:31:50","slug":"protection-des-donnees","status":"publish","type":"page","link":"https:\/\/roentgen.polymed.ch\/fr\/protection-des-donnees\/","title":{"rendered":"Protection des donn\u00e9es"},"content":{"rendered":"<p>[et_pb_section fb_built=\u00a0\u00bb1&Prime; admin_label=\u00a0\u00bbSection\u00a0\u00bb module_id=\u00a0\u00bbprodukte\u00a0\u00bb _builder_version=\u00a0\u00bb4.20.0&Prime; _module_preset=\u00a0\u00bbdefault\u00a0\u00bb background_color=\u00a0\u00bb#FFFFFF\u00a0\u00bb custom_padding=\u00a0\u00bb0px||||false|false\u00a0\u00bb da_popup_slug=\u00a0\u00bbprodukte\u00a0\u00bb da_disable_devices=\u00a0\u00bboff|off|off\u00a0\u00bb locked=\u00a0\u00bboff\u00a0\u00bb global_colors_info=\u00a0\u00bb{}\u00a0\u00bb da_is_popup=\u00a0\u00bboff\u00a0\u00bb da_exit_intent=\u00a0\u00bboff\u00a0\u00bb da_has_close=\u00a0\u00bbon\u00a0\u00bb da_alt_close=\u00a0\u00bboff\u00a0\u00bb da_dark_close=\u00a0\u00bboff\u00a0\u00bb da_not_modal=\u00a0\u00bbon\u00a0\u00bb da_is_singular=\u00a0\u00bboff\u00a0\u00bb da_with_loader=\u00a0\u00bboff\u00a0\u00bb da_has_shadow=\u00a0\u00bbon\u00a0\u00bb][et_pb_row admin_label=\u00a0\u00bbWillkommen\u00a0\u00bb _builder_version=\u00a0\u00bb4.20.2&Prime; _module_preset=\u00a0\u00bbdefault\u00a0\u00bb custom_padding=\u00a0\u00bb|||0px|false|false\u00a0\u00bb locked=\u00a0\u00bboff\u00a0\u00bb global_colors_info=\u00a0\u00bb{}\u00a0\u00bb][et_pb_column type=\u00a0\u00bb4_4&Prime; _builder_version=\u00a0\u00bb4.19.4&Prime; _module_preset=\u00a0\u00bbdefault\u00a0\u00bb global_colors_info=\u00a0\u00bb{}\u00a0\u00bb][et_pb_button button_url=\u00a0\u00bb\/fr\/#home\u00a0\u00bb button_text=\u00a0\u00bbHome\u00a0\u00bb disabled_on=\u00a0\u00bboff|off|off\u00a0\u00bb _builder_version=\u00a0\u00bb4.21.0&Prime; _module_preset=\u00a0\u00bbdefault\u00a0\u00bb custom_button=\u00a0\u00bbon\u00a0\u00bb button_text_size=\u00a0\u00bb16px\u00a0\u00bb button_text_color=\u00a0\u00bbgcid-cc81b754-fbdf-4090-a821-2a067d6ee9d1&Prime; button_border_width=\u00a0\u00bb0px\u00a0\u00bb button_border_radius=\u00a0\u00bb0px\u00a0\u00bb button_icon=\u00a0\u00bb&#x23;||divi||400&Prime; button_icon_placement=\u00a0\u00bbleft\u00a0\u00bb button_on_hover=\u00a0\u00bboff\u00a0\u00bb hover_enabled=\u00a0\u00bb0&Prime; global_colors_info=\u00a0\u00bb{%22gcid-cc81b754-fbdf-4090-a821-2a067d6ee9d1%22:%91%22button_text_color%22%93}\u00a0\u00bb sticky_enabled=\u00a0\u00bb0&Prime;][\/et_pb_button][\/et_pb_column][\/et_pb_row][et_pb_row admin_label=\u00a0\u00bbWillkommen\u00a0\u00bb _builder_version=\u00a0\u00bb4.19.4&Prime; _module_preset=\u00a0\u00bbdefault\u00a0\u00bb custom_padding=\u00a0\u00bb|||15px|false|false\u00a0\u00bb global_colors_info=\u00a0\u00bb{}\u00a0\u00bb][et_pb_column type=\u00a0\u00bb4_4&Prime; _builder_version=\u00a0\u00bb4.19.4&Prime; _module_preset=\u00a0\u00bbdefault\u00a0\u00bb global_colors_info=\u00a0\u00bb{}\u00a0\u00bb][et_pb_text admin_label=\u00a0\u00bbWillkommen\u00a0\u00bb _builder_version=\u00a0\u00bb4.21.0&Prime; text_font=\u00a0\u00bbOpen Sans|600|||||||\u00a0\u00bb text_font_size=\u00a0\u00bb16px\u00a0\u00bb text_line_height=\u00a0\u00bb1.8em\u00a0\u00bb header_font=\u00a0\u00bbPoppins|600|||||||\u00a0\u00bb header_font_size=\u00a0\u00bb36px\u00a0\u00bb header_line_height=\u00a0\u00bb1.4em\u00a0\u00bb background_layout=\u00a0\u00bbdark\u00a0\u00bb header_font_size_tablet=\u00a0\u00bb36px\u00a0\u00bb header_font_size_phone=\u00a0\u00bb24px\u00a0\u00bb header_font_size_last_edited=\u00a0\u00bbon|phone\u00a0\u00bb global_colors_info=\u00a0\u00bb{}\u00a0\u00bb]<\/p>\n<h1 style=\"text-align: left;\"><span style=\"color: #0a0a0a;\">Protection des donn\u00e9es<\/span><\/h1>\n<p>[\/et_pb_text][\/et_pb_column][\/et_pb_row][et_pb_row _builder_version=\u00a0\u00bb4.21.0&Prime; _module_preset=\u00a0\u00bbdefault\u00a0\u00bb custom_padding=\u00a0\u00bb|||15px|false|false\u00a0\u00bb custom_css_main_element=\u00a0\u00bbdisplay: flex;||flex-wrap: wrap;\u00a0\u00bb global_colors_info=\u00a0\u00bb{}\u00a0\u00bb custom_css_main_element_last_edited=\u00a0\u00bboff|desktop\u00a0\u00bb][et_pb_column type=\u00a0\u00bb4_4&Prime; _builder_version=\u00a0\u00bb4.21.0&Prime; _module_preset=\u00a0\u00bbdefault\u00a0\u00bb global_colors_info=\u00a0\u00bb{}\u00a0\u00bb][et_pb_text _builder_version=\u00a0\u00bb4.19.4&Prime; _module_preset=\u00a0\u00bbdefault\u00a0\u00bb global_colors_info=\u00a0\u00bb{}\u00a0\u00bb]<\/p>\n<h2>1. Introduction<\/h2>\n<p>La pr\u00e9sente d\u00e9claration de confidentialit\u00e9 expose la nature, la port\u00e9e et la finalit\u00e9 de la collecte et de l\u2019utilisation des donn\u00e9es \u00e0 caract\u00e8re personnel par Polymed Medical Center AG et les entreprises appartenant au groupe Polymed (ci-apr\u00e8s commun\u00e9ment d\u00e9nomm\u00e9es \u00abPolymed\u00bb et non consid\u00e9r\u00e9es comme des \u00abtiers\u00bb) dans le cadre de leurs activit\u00e9s, en particulier relativement aux services et offres propos\u00e9s par Polymed.<\/p>\n<h2>2. Collecte, utilisation et traitement des donn\u00e9es \u00e0 caract\u00e8re personnel et propres \u00e0 une entreprise<\/h2>\n<p>Lorsque vous visitez notre site Internet, nous collectons et conservons automatiquement, sur nos serveurs ou sur les serveurs des services et produits que nous utilisons et\/ou que nous avons install\u00e9s, certaines donn\u00e9es aux fins de l\u2019administration du syst\u00e8me et \u00e0 des fins statistiques, de s\u00e9curit\u00e9 ou de tra\u00e7age. Ces donn\u00e9es sont les suivantes: <\/p>\n<h3><\/h3>\n<ul>\n<li>le nom de votre fournisseur d\u2019acc\u00e8s \u00e0 Internet;<\/li>\n<li>votre adresse IP;<\/li>\n<li>la version de votre navigateur;<\/li>\n<li>le syst\u00e8me d\u2019exploitation de votre ordinateur;<\/li>\n<li>la date;<\/li>\n<li>l\u2019heure;<\/li>\n<li>le site \u00e0 partir duquel vous avez \u00e9t\u00e9 dirig\u00e9 vers www.polymed.ch; et<\/li>\n<li>les mots-cl\u00e9s que vous avez utilis\u00e9s pour trouver www.polymed.ch.<\/li>\n<\/ul>\n<p>Ces donn\u00e9es peuvent permettre de retrouver l\u2019identit\u00e9 de l\u2019utilisateur. Les donn\u00e9es \u00e0 caract\u00e8re personnel ne sont cependant pas utilis\u00e9es \u00e0 cette fin.<\/p>\n<p>En vous inscrivant en tant qu\u2019utilisateur et en renseignant vos donn\u00e9es sur www.polymed.ch, vous acceptez que les donn\u00e9es que vous avez fournies soient utilis\u00e9es dans le cadre des prestations de service.<\/p>\n<p><b>2.1 Donn\u00e9es relatives aux contrats<\/b><span><\/span><\/p>\n<p>Les donn\u00e9es relatives aux contrats d\u00e9signent toutes les donn\u00e9es dont a besoin Polymed pour ex\u00e9cuter un contrat. Ces donn\u00e9es peuvent varier selon le service concern\u00e9. Il se peut que Polymed communique ces donn\u00e9es au sein du groupe Polymed dans la mesure o\u00f9 cette divulgation est n\u00e9cessaire \u00e0 la r\u00e9alisation de la prestation. Ces donn\u00e9es sont conserv\u00e9es au minimum pour la dur\u00e9e n\u00e9cessaire \u00e0 l\u2019ex\u00e9cution du contrat ou requise en vertu du droit suisse.   <\/p>\n<p><b>2.2 Donn\u00e9es relatives aux candidatures<\/b><span><\/span><\/p>\n<p>Les donn\u00e9es relatives aux candidatures d\u00e9signent les donn\u00e9es dont a besoin Polymed pour constituer des dossiers de candidature complets et traiter les candidatures. Les donn\u00e9es sont requises aux fins exclusives de la proc\u00e9dure de candidature. <\/p>\n<h2>3. Divulgation \u00e0 des tiers<\/h2>\n<p>Vos donn\u00e9es sont communiqu\u00e9es \u00e0 nos partenaires (tiers) dans la mesure o\u00f9 leur divulgation est n\u00e9cessaire au traitement des commandes. Lorsque nous communiquons vos donn\u00e9es \u00e0 des partenaires ext\u00e9rieurs, nous mettons en place des mesures techniques et organisationnelles visant \u00e0 garantir que leur divulgation est conforme aux dispositions l\u00e9gales relatives \u00e0 la protection des donn\u00e9es. Lorsque vous nous fournissez des donn\u00e9es \u00e0 caract\u00e8re personnel ou propres \u00e0 une entreprise, nous utilisons, traitons ou communiquons ces donn\u00e9es exclusivement dans les conditions pr\u00e9vues par la loi ou dans le cadre de votre d\u00e9claration de consentement. Par ailleurs, nous communiquons vos donn\u00e9es \u00e0 des tiers uniquement si cette divulgation est n\u00e9cessaire \u00e0 l\u2019ex\u00e9cution d\u2019un contrat et si ces tiers ont accept\u00e9 de se soumettre aux obligations de diligence et de confidentialit\u00e9 ad\u00e9quates. Nous ne transmettons en particulier vos donn\u00e9es \u00e0 des tiers que si nous y sommes tenus en vertu de la loi ou sur d\u00e9cision d\u2019autorit\u00e9s ou de tribunaux.   <\/p>\n<h2>4. Acc\u00e8s, suppression, rectification et conservation<\/h2>\n<p>Chacun a le droit d\u2019acc\u00e9der \u00e0 ses donn\u00e9es, de rectifier des donn\u00e9es inexactes et de supprimer ses donn\u00e9es \u00e0 caract\u00e8re personnel dans la mesure o\u00f9 cela n\u2019est pas contraire \u00e0 une quelconque obligation l\u00e9gale de conservation et o\u00f9 les donn\u00e9es en question ne sont pas requises aux fins de l\u2019ex\u00e9cution d\u2019un contrat. Si vous souhaitez supprimer des donn\u00e9es faisant l\u2019objet d\u2019une obligation l\u00e9gale de conservation, nous conservons ces donn\u00e9es dans notre syst\u00e8me et les utilisons uniquement aux fins du respect de ladite obligation. Les donn\u00e9es dont vous avez demand\u00e9 la suppression seront supprim\u00e9es \u00e0 expiration de la p\u00e9riode de conservation l\u00e9gale.  <\/p>\n<p>Pour toute requ\u00eate concernant l\u2019acc\u00e8s \u00e0 vos donn\u00e9es et leur suppression, rectification et conservation, veuillez vous adresser directement \u00e0 notre responsable de la protection des donn\u00e9es:<\/p>\n<p>Polymed Medical Center AG<br \/>Datenschutzbeauftragter<br \/>Industriestrasse 59<br \/>8152 Glattbrugg<br \/><a href=\"mailto:datenschutz@polymed.ch\">datenschutz@polymed.ch<\/a><br \/>Tel: +41 44 828 61 11<\/p>\n<h2>5. S\u00e9curit\u00e9 des donn\u00e9es<\/h2>\n<p>Nous conserverons vos donn\u00e9es en toute s\u00e9curit\u00e9 et prendrons toutes les mesures n\u00e9cessaires pour les prot\u00e9ger contre la perte, l\u2019acc\u00e8s non autoris\u00e9, l\u2019utilisation abusive ou la modification. Nos collaborateurs et partenaires contractuels qui ont acc\u00e8s \u00e0 vos donn\u00e9es sont contractuellement tenus \u00e0 une obligation de confidentialit\u00e9 et au respect des dispositions l\u00e9gales relatives \u00e0 la protection des donn\u00e9es. Il est fr\u00e9quent que nous devions communiquer vos requ\u00eates \u00e0 des entreprises partenaires. Si tel est le cas, vos donn\u00e9es sont \u00e9galement trait\u00e9es en toute confidentialit\u00e9.   <\/p>\n<h2>6. Cookies<\/h2>\n<p>Pour faciliter l\u2019utilisation de notre portail en ligne, nous utilisons des \u00abcookies\u00bb. Les cookies sont de petits fichiers textes qui sont conserv\u00e9s temporairement par votre navigateur sur le disque dur de votre ordinateur et qui sont n\u00e9cessaires \u00e0 l\u2019utilisation de notre site Internet. Les informations contenues dans les cookies permettent le contr\u00f4le de session, en particulier l\u2019am\u00e9lioration de la navigation et l\u2019utilisation d\u2019un site Internet. Nous vous signalons que la d\u00e9sactivation des cookies peut vous emp\u00eacher d\u2019utiliser (correctement) toutes les fonctionnalit\u00e9s de notre portail.   <\/p>\n<h2>7. Plug-ins<\/h2>\n<p>Diff\u00e9rents services de tiers, tels que YouTube ou Google Maps, sont utilis\u00e9s au sein du portail en ligne de Polymed. De ce fait, ces tiers peuvent conna\u00eetre l\u2019adresse IP de l\u2019utilisateur. Polymed d\u00e9cline toute responsabilit\u00e9 quant \u00e0 la collecte et au traitement des donn\u00e9es \u00e0 caract\u00e8re personnel par ces tiers.  <\/p>\n<p><b>7.1 Google Analytics<\/b><span><\/span><\/p>\n<p>Polymed a recours \u00e0 Google Analytics, un service d\u2019analyse de sites web de Google Inc., 1600 Amphitheatre Parkway, Mountain View, CA 94043, Etats-Unis (\u00abGoogle\u00bb). Google Analytics utilise des \u00abcookies\u00bb, de petits fichiers textes conserv\u00e9s sur votre ordinateur qui permettent d\u2019analyser votre utilisation de notre portail en ligne. Les informations obtenues via les cookies (type de navigateur, version du navigateur, syst\u00e8me d\u2019exploitation utilis\u00e9, URL r\u00e9f\u00e9rent, site internet consult\u00e9 ant\u00e9rieurement, adresse IP, heure de la demande du serveur) quant \u00e0 votre utilisation de ce site Internet sont en r\u00e8gle g\u00e9n\u00e9rale transf\u00e9r\u00e9es et conserv\u00e9es sur un serveur de Google aux Etats-Unis. En cas d\u2019activation de l\u2019anonymisation de l\u2019adresse IP sur notre site Internet, votre adresse IP sera abr\u00e9g\u00e9e au sein des Etats membres de l\u2019Union europ\u00e9enne ou des autres Etats parties \u00e0 l\u2019accord sur l\u2019Espace \u00e9conomique europ\u00e9en. L\u2019adresse IP dans son int\u00e9gralit\u00e9 sera, dans des cas exceptionnels, transf\u00e9r\u00e9e et conserv\u00e9e sur un serveur de Google aux Etats-Unis. Google utilisera ces informations pour analyser votre utilisation de notre site Internet, \u00e9tablir des rapports sur les activit\u00e9s du site \u00e0 destination de son exploitant et fournir d\u2019autres services en lien avec l\u2019utilisation du site et d\u2019Internet. Par ailleurs, Google communiquera, le cas \u00e9ch\u00e9ant, ces informations \u00e0 des tiers, dans la mesure o\u00f9 cette divulgation est pr\u00e9vue par la loi ou ces tiers traitent ces donn\u00e9es pour le compte de Google. L\u2019adresse IP transmise par votre navigateur dans le cadre de Google Analytics n\u2019est pas associ\u00e9e \u00e0 d\u2019autres donn\u00e9es de Google. Pour savoir comment emp\u00eacher le traitement de vos donn\u00e9es par le service d\u2019analyse de sites web, rendez-vous sur https:\/\/tools.google.com\/dlpage\/gaoptout?hl=fr.         <\/p>\n<p><b>7.2 Plug-ins sociaux<\/b><span><\/span><\/p>\n<p>Les plug-ins des r\u00e9seaux sociaux exploit\u00e9s exclusivement par Facebook (Facebook Inc., 1601 S. California Ave, Palo Alto, CA 94304, Etats-Unis) et Twitter (Twitter Inc., 795 Folsom St., Suite 600, San Francisco, CA 94107, Etats-Unis) sont reconnaissables au logo du r\u00e9seau social en question. Lorsque vous visitez un site internet auquel est int\u00e9gr\u00e9 un plug-in de ce type, le navigateur \u00e9tablit une connexion directe avec les serveurs du r\u00e9seau social concern\u00e9. Le bouton est transmis directement au navigateur par les r\u00e9seaux sociaux et int\u00e9gr\u00e9 au site Internet par le navigateur. L\u2019int\u00e9gration du bouton indique au r\u00e9seau social que le site Internet correspondant a \u00e9t\u00e9 visit\u00e9. Si l\u2019utilisateur est connect\u00e9 \u00e0 un r\u00e9seau social lorsqu\u2019il visite un site Internet, le r\u00e9seau social peut associer la visite \u00e0 son compte utilisateur. Si l\u2019utilisateur clique sur le bouton, les informations correspondantes sont transmises par le navigateur au r\u00e9seau social et conserv\u00e9es par ce dernier. Les finalit\u00e9s et la port\u00e9e de la collecte des donn\u00e9es, le traitement et l\u2019utilisation ult\u00e9rieurs des donn\u00e9es par les r\u00e9seaux sociaux ainsi que le droit de l\u2019utilisateur y aff\u00e9rent et les options de configuration visant \u00e0 prot\u00e9ger la vie priv\u00e9e de l\u2019utilisateur sont r\u00e9gis par les dispositions relatives \u00e0 la protection des donn\u00e9es de Facebook et Twitter. L\u2019utilisateur peut emp\u00eacher la collecte par les r\u00e9seaux sociaux des donn\u00e9es concernant les sites Internet visit\u00e9s en se d\u00e9connectant des r\u00e9seaux sociaux avant de se rendre sur les sites.       <\/p>\n<h2>8. Modifications<\/h2>\n<p>Les modifications de la pr\u00e9sente d\u00e9claration de confidentialit\u00e9 seront publi\u00e9es sur cette page. Vous pourrez ainsi vous tenir inform\u00e9 du type de donn\u00e9es que nous conservons, de notre m\u00e9thode de traitement de ces donn\u00e9es et de leur utilisation. Vous pouvez t\u00e9l\u00e9charger et\/ou imprimer ici la d\u00e9claration de confidentialit\u00e9.  <\/p>\n<div class=\"divcod50\"><\/div>\n<p><small>\u00a9 Polymed Medical Center S.A. \/ 01.09.2023<\/small><\/p>\n<p>[\/et_pb_text][\/et_pb_column][\/et_pb_row][\/et_pb_section]<\/p>\n","protected":false},"excerpt":{"rendered":"<p>Protection des donn\u00e9es1. Introduction La pr\u00e9sente d\u00e9claration de confidentialit\u00e9 expose la nature, la port\u00e9e et la finalit\u00e9 de la collecte et de l\u2019utilisation des donn\u00e9es \u00e0 caract\u00e8re personnel par Polymed Medical Center AG et les entreprises appartenant au groupe Polymed (ci-apr\u00e8s commun\u00e9ment d\u00e9nomm\u00e9es \u00abPolymed\u00bb et non consid\u00e9r\u00e9es comme des \u00abtiers\u00bb) dans le cadre de leurs [&hellip;]<\/p>\n","protected":false},"author":1,"featured_media":0,"parent":0,"menu_order":0,"comment_status":"closed","ping_status":"closed","template":"","meta":{"_et_pb_use_builder":"on","_et_pb_old_content":"","_et_gb_content_width":"","om_disable_all_campaigns":false,"_monsterinsights_skip_tracking":false,"_monsterinsights_sitenote_active":false,"_monsterinsights_sitenote_note":"","_monsterinsights_sitenote_category":0,"footnotes":""},"dipi_cpt_category":[],"class_list":["post-2441","page","type-page","status-publish","hentry"],"aioseo_notices":[],"_links":{"self":[{"href":"https:\/\/roentgen.polymed.ch\/fr\/wp-json\/wp\/v2\/pages\/2441","targetHints":{"allow":["GET"]}}],"collection":[{"href":"https:\/\/roentgen.polymed.ch\/fr\/wp-json\/wp\/v2\/pages"}],"about":[{"href":"https:\/\/roentgen.polymed.ch\/fr\/wp-json\/wp\/v2\/types\/page"}],"author":[{"embeddable":true,"href":"https:\/\/roentgen.polymed.ch\/fr\/wp-json\/wp\/v2\/users\/1"}],"replies":[{"embeddable":true,"href":"https:\/\/roentgen.polymed.ch\/fr\/wp-json\/wp\/v2\/comments?post=2441"}],"version-history":[{"count":2,"href":"https:\/\/roentgen.polymed.ch\/fr\/wp-json\/wp\/v2\/pages\/2441\/revisions"}],"predecessor-version":[{"id":2468,"href":"https:\/\/roentgen.polymed.ch\/fr\/wp-json\/wp\/v2\/pages\/2441\/revisions\/2468"}],"wp:attachment":[{"href":"https:\/\/roentgen.polymed.ch\/fr\/wp-json\/wp\/v2\/media?parent=2441"}],"wp:term":[{"taxonomy":"dipi_cpt_category","embeddable":true,"href":"https:\/\/roentgen.polymed.ch\/fr\/wp-json\/wp\/v2\/dipi_cpt_category?post=2441"}],"curies":[{"name":"wp","href":"https:\/\/api.w.org\/{rel}","templated":true}]}}